{"id":1517,"date":"2020-12-21T10:13:21","date_gmt":"2020-12-21T15:13:21","guid":{"rendered":"http:\/\/localhost\/wp_demo_2\/?page_id=1517"},"modified":"2022-08-17T07:32:23","modified_gmt":"2022-08-17T11:32:23","slug":"blog-rocky","status":"publish","type":"page","link":"https:\/\/rockypetmobilegrooming.com\/?page_id=1517","title":{"rendered":"Blog"},"content":{"rendered":"\t\t<div data-elementor-type=\"wp-page\" data-elementor-id=\"1517\" class=\"elementor elementor-1517\">\n\t\t\t\t\t\t\t\t\t<section class=\"elementor-section elementor-top-section elementor-element elementor-element-44febdc banner_breadcrumb elementor-section-boxed elementor-section-height-default elementor-section-height-default\" data-id=\"44febdc\" data-element_type=\"section\" data-settings=\"{&quot;background_background&quot;:&quot;classic&quot;}\">\n\t\t\t\t\t\t<div class=\"elementor-container elementor-column-gap-default\">\n\t\t\t\t\t<div class=\"elementor-column elementor-col-100 elementor-top-column elementor-element elementor-element-390dd94\" data-id=\"390dd94\" data-element_type=\"column\">\n\t\t\t<div class=\"elementor-widget-wrap elementor-element-populated\">\n\t\t\t\t\t\t\t\t<div class=\"elementor-element elementor-element-7c0dde9 page_title elementor-widget elementor-widget-elementskit-heading\" data-id=\"7c0dde9\" data-element_type=\"widget\" data-widget_type=\"elementskit-heading.default\">\n\t\t\t\t<div class=\"elementor-widget-container\">\n\t\t\t<div class=\"ekit-wid-con\" ><div class=\"ekit-heading elementskit-section-title-wraper text_center   ekit_heading_tablet-   ekit_heading_mobile-\"><h1 class=\"ekit-heading--title elementskit-section-title \">\n\t\t\t\t\tBlog\n\t\t\t\t<\/h1><\/div><\/div>\t\t<\/div>\n\t\t\t\t<\/div>\n\t\t\t\t\t<\/div>\n\t\t<\/div>\n\t\t\t\t\t\t\t<\/div>\n\t\t<\/section>\n\t\t\t\t<section class=\"elementor-section elementor-top-section elementor-element elementor-element-82b2551 elementor-section-boxed elementor-section-height-default elementor-section-height-default\" data-id=\"82b2551\" data-element_type=\"section\">\n\t\t\t\t\t\t<div class=\"elementor-container elementor-column-gap-default\">\n\t\t\t\t\t<div class=\"elementor-column elementor-col-100 elementor-top-column elementor-element elementor-element-cb74702\" data-id=\"cb74702\" data-element_type=\"column\">\n\t\t\t<div class=\"elementor-widget-wrap elementor-element-populated\">\n\t\t\t\t\t\t\t\t<div class=\"elementor-element elementor-element-3883691 elementor-widget elementor-widget-spacer\" data-id=\"3883691\" data-element_type=\"widget\" data-widget_type=\"spacer.default\">\n\t\t\t\t<div class=\"elementor-widget-container\">\n\t\t\t<style>\/*! elementor - v3.6.7 - 03-07-2022 *\/\n.e-container.e-container--row .elementor-spacer-inner{width:var(--spacer-size)}.e-container.e-container--column .elementor-spacer-inner,.elementor-column .elementor-spacer-inner{height:var(--spacer-size)}<\/style>\t\t<div class=\"elementor-spacer\">\n\t\t\t<div class=\"elementor-spacer-inner\"><\/div>\n\t\t<\/div>\n\t\t\t\t<\/div>\n\t\t\t\t<\/div>\n\t\t\t\t\t<\/div>\n\t\t<\/div>\n\t\t\t\t\t\t\t<\/div>\n\t\t<\/section>\n\t\t\t\t<section class=\"elementor-section elementor-top-section elementor-element elementor-element-591bced elementor-section-boxed elementor-section-height-default elementor-section-height-default\" data-id=\"591bced\" data-element_type=\"section\">\n\t\t\t\t\t\t<div class=\"elementor-container elementor-column-gap-default\">\n\t\t\t\t\t<div class=\"elementor-column elementor-col-100 elementor-top-column elementor-element elementor-element-f42d9cb\" data-id=\"f42d9cb\" data-element_type=\"column\">\n\t\t\t<div class=\"elementor-widget-wrap elementor-element-populated\">\n\t\t\t\t\t\t\t\t<div class=\"elementor-element elementor-element-dc7adc0 animated-slow elementor-widget elementor-widget-elementskit-blog-posts\" data-id=\"dc7adc0\" data-element_type=\"widget\" data-settings=\"{&quot;_animation&quot;:&quot;none&quot;}\" data-widget_type=\"elementskit-blog-posts.default\">\n\t\t\t\t<div class=\"elementor-widget-container\">\n\t\t\t<div class=\"ekit-wid-con\" >\n        <div id=\"post-items--dc7adc0\" class=\"row post-items ekit-blog-posts-content\" data-masonry-config=\"true\">\n\n        \n            \n\n            <div class=\"col-lg-6 col-md-6\">\n\n                                    <div class=\"elementskit-post-image-card\">\n                        <div class=\"elementskit-entry-header\">\n                                                            <a href=\"https:\/\/rockypetmobilegrooming.com\/?p=1914\" class=\"elementskit-entry-thumb\">\n                                    <img decoding=\"async\" src=\"https:\/\/rockypetmobilegrooming.com\/wp-content\/uploads\/2021\/05\/13.jpg\" alt=\"Finding a good breeder\">\n                                <\/a><!-- .elementskit-entry-thumb END -->\n                                                            \n                            \n                                                    <\/div><!-- .elementskit-entry-header END -->\n\n                        <div class=\"elementskit-post-body \">\n                            \n                                                                                                                <div class=\"post-meta-list\">\n                                                                                                <span class=\"meta-date\">\n\n                                <i aria-hidden=\"true\" class=\"far fa-calendar-alt\"><\/i>\n                                <span class=\"meta-date-text\">\n                                    septiembre 12, 2020                                <\/span>\n                            <\/span>\n                                                                                                                                                                                                <span class=\"post-cat\">\n\n                                <i aria-hidden=\"true\" class=\"far fa-folder-open\"><\/i>\n                                <a href=\"https:\/\/rockypetmobilegrooming.com\/?cat=5\" rel=\"category\">Generales<\/a>                            <\/span>\n                                                                                    <\/div>\n                                                                        \n                                        \n                                                                                                <h2 class=\"entry-title\">\n                    <a href=\"https:\/\/rockypetmobilegrooming.com\/?p=1914\">\n                            Finding a good breeder                    <\/a>\n                <\/h2>\n                                                                                                                                                                                                                                                                                                                                            <\/div><!-- .elementskit-post-body END -->\n                    <\/div>\n                \n            <\/div>\n\n            \n            \n\n            <div class=\"col-lg-6 col-md-6\">\n\n                                    <div class=\"elementskit-post-image-card\">\n                        <div class=\"elementskit-entry-header\">\n                                                            <a href=\"https:\/\/rockypetmobilegrooming.com\/?p=1917\" class=\"elementskit-entry-thumb\">\n                                    <img decoding=\"async\" src=\"https:\/\/rockypetmobilegrooming.com\/wp-content\/uploads\/2021\/05\/10-1.jpg\" alt=\"Three young dog lovers crowned lockdown stars alongside\">\n                                <\/a><!-- .elementskit-entry-thumb END -->\n                                                            \n                            \n                                                    <\/div><!-- .elementskit-entry-header END -->\n\n                        <div class=\"elementskit-post-body \">\n                            \n                                                                                                                <div class=\"post-meta-list\">\n                                                                                                <span class=\"meta-date\">\n\n                                <i aria-hidden=\"true\" class=\"far fa-calendar-alt\"><\/i>\n                                <span class=\"meta-date-text\">\n                                    noviembre 22, 2020                                <\/span>\n                            <\/span>\n                                                                                                                                                                                                <span class=\"post-cat\">\n\n                                <i aria-hidden=\"true\" class=\"far fa-folder-open\"><\/i>\n                                <a href=\"https:\/\/rockypetmobilegrooming.com\/?cat=1\" rel=\"category\">Uncategorized<\/a>                            <\/span>\n                                                                                    <\/div>\n                                                                        \n                                        \n                                                                                                <h2 class=\"entry-title\">\n                    <a href=\"https:\/\/rockypetmobilegrooming.com\/?p=1917\">\n                            Three young dog lovers crowned lockdown stars alongside                    <\/a>\n                <\/h2>\n                                                                                                                                                                                            <p>Lorem ipsum dolor sit amet, consectetur adipiscing elit, sed do eiusmod tempor incididunt ut labore et dolore magna aliqua. Ut enim ad minim veniam, quis nostrud exercitation ullamco laboris nisi ut aliquip ex ea commodo consequat. Duis aute irure dolor in reprehenderit in voluptate velit esse cillum dolore eu fugiat nulla pariatur. Excepteur sint occaecat&hellip; <a class=\"more-link\" href=\"https:\/\/rockypetmobilegrooming.com\/?p=1917\">Continue reading <span class=\"screen-reader-text\">Three young dog lovers crowned lockdown stars alongside<\/span><\/a><\/p>\n                                                                                                                                                <\/div><!-- .elementskit-post-body END -->\n                    <\/div>\n                \n            <\/div>\n\n            \n            \n\n            <div class=\"col-lg-6 col-md-6\">\n\n                                    <div class=\"elementskit-post-image-card\">\n                        <div class=\"elementskit-entry-header\">\n                                                            <a href=\"https:\/\/rockypetmobilegrooming.com\/?p=1882\" class=\"elementskit-entry-thumb\">\n                                    <img decoding=\"async\" src=\"https:\/\/rockypetmobilegrooming.com\/wp-content\/uploads\/2021\/05\/7-1.jpg\" alt=\"Clarification of \u2018Grandfather rights\u2019 for established Judges\">\n                                <\/a><!-- .elementskit-entry-thumb END -->\n                                                            \n                            \n                                                    <\/div><!-- .elementskit-entry-header END -->\n\n                        <div class=\"elementskit-post-body \">\n                            \n                                                                                                                <div class=\"post-meta-list\">\n                                                                                                <span class=\"meta-date\">\n\n                                <i aria-hidden=\"true\" class=\"far fa-calendar-alt\"><\/i>\n                                <span class=\"meta-date-text\">\n                                    enero 1, 2021                                <\/span>\n                            <\/span>\n                                                                                                                                                                                                <span class=\"post-cat\">\n\n                                <i aria-hidden=\"true\" class=\"far fa-folder-open\"><\/i>\n                                <a href=\"https:\/\/rockypetmobilegrooming.com\/?cat=2\" rel=\"category\">Comida<\/a>                            <\/span>\n                                                                                    <\/div>\n                                                                        \n                                        \n                                                                                                <h2 class=\"entry-title\">\n                    <a href=\"https:\/\/rockypetmobilegrooming.com\/?p=1882\">\n                            Clarification of \u2018Grandfather rights\u2019 for established Judges                    <\/a>\n                <\/h2>\n                                                                                                                                                                                            <p>Praesent congue et ligula vel suscipit. Nullam sit amet nunc aliquet, finibus nisl interdum, tristique mauris. Fusce imperdiet a odio sed volutpat. Quisque mattis efficitur ultrices. Cras eget faucibus ante. Aenean vel semper lacus, nec scelerisque nisi. Fusce egestas condimentum turpis sit amet hendrerit. Aenean imperdiet dictum elit. Nunc ultricies rhoncus laoreet. Integer sapien orci,&hellip; <a class=\"more-link\" href=\"https:\/\/rockypetmobilegrooming.com\/?p=1882\">Continue reading <span class=\"screen-reader-text\">Clarification of \u2018Grandfather rights\u2019 for established Judges<\/span><\/a><\/p>\n                                                                                                                                                <\/div><!-- .elementskit-post-body END -->\n                    <\/div>\n                \n            <\/div>\n\n            \n            \n\n            <div class=\"col-lg-6 col-md-6\">\n\n                                    <div class=\"elementskit-post-image-card\">\n                        <div class=\"elementskit-entry-header\">\n                                                            <a href=\"https:\/\/rockypetmobilegrooming.com\/?p=1911\" class=\"elementskit-entry-thumb\">\n                                    <img decoding=\"async\" src=\"https:\/\/rockypetmobilegrooming.com\/wp-content\/uploads\/2021\/05\/6-1.jpg\" alt=\"El Poder de las Mascotas\">\n                                <\/a><!-- .elementskit-entry-thumb END -->\n                                                            \n                            \n                                                    <\/div><!-- .elementskit-entry-header END -->\n\n                        <div class=\"elementskit-post-body \">\n                            \n                                                                                                                <div class=\"post-meta-list\">\n                                                                                                <span class=\"meta-date\">\n\n                                <i aria-hidden=\"true\" class=\"far fa-calendar-alt\"><\/i>\n                                <span class=\"meta-date-text\">\n                                    enero 9, 2021                                <\/span>\n                            <\/span>\n                                                                                                                                                                                                <span class=\"post-cat\">\n\n                                <i aria-hidden=\"true\" class=\"far fa-folder-open\"><\/i>\n                                <a href=\"https:\/\/rockypetmobilegrooming.com\/?cat=3\" rel=\"category\">Grooming<\/a>                            <\/span>\n                                                                                    <\/div>\n                                                                        \n                                        \n                                                                                                <h2 class=\"entry-title\">\n                    <a href=\"https:\/\/rockypetmobilegrooming.com\/?p=1911\">\n                            El Poder de las Mascotas                    <\/a>\n                <\/h2>\n                                                                                                                                                                                            <p>Beneficios para la salud por interacciones entre humanos y animals Nada se compara con la alegr\u00eda de volver a casa y encontrar un compa\u00f1ero leal. El amor incondicional de una mascota puede brindar m\u00e1s que compa\u00f1\u00eda. Las mascotas tambi\u00e9n pueden disminuir el estr\u00e9s, mejorar la salud del coraz\u00f3n e, incluso, ayudar a los ni\u00f1os con&hellip; <a class=\"more-link\" href=\"https:\/\/rockypetmobilegrooming.com\/?p=1911\">Continue reading <span class=\"screen-reader-text\">El Poder de las Mascotas<\/span><\/a><\/p>\n                                                                                                                                                <\/div><!-- .elementskit-post-body END -->\n                    <\/div>\n                \n            <\/div>\n\n            \n            \n\n            <div class=\"col-lg-6 col-md-6\">\n\n                                    <div class=\"elementskit-post-image-card\">\n                        <div class=\"elementskit-entry-header\">\n                                                            <a href=\"https:\/\/rockypetmobilegrooming.com\/?p=1894\" class=\"elementskit-entry-thumb\">\n                                    <img decoding=\"async\" src=\"https:\/\/rockypetmobilegrooming.com\/wp-content\/uploads\/2021\/05\/4-1.jpg\" alt=\"Dog Food Tips: What Should I Feed My 3 Month Dog?\">\n                                <\/a><!-- .elementskit-entry-thumb END -->\n                                                            \n                            \n                                                    <\/div><!-- .elementskit-entry-header END -->\n\n                        <div class=\"elementskit-post-body \">\n                            \n                                                                                                                <div class=\"post-meta-list\">\n                                                                                                <span class=\"meta-date\">\n\n                                <i aria-hidden=\"true\" class=\"far fa-calendar-alt\"><\/i>\n                                <span class=\"meta-date-text\">\n                                    febrero 4, 2021                                <\/span>\n                            <\/span>\n                                                                                                                                                                                                <span class=\"post-cat\">\n\n                                <i aria-hidden=\"true\" class=\"far fa-folder-open\"><\/i>\n                                <a href=\"https:\/\/rockypetmobilegrooming.com\/?cat=3\" rel=\"category\">Grooming<\/a>                            <\/span>\n                                                                                    <\/div>\n                                                                        \n                                        \n                                                                                                <h2 class=\"entry-title\">\n                    <a href=\"https:\/\/rockypetmobilegrooming.com\/?p=1894\">\n                            Dog Food Tips: What Should I Feed My 3 Month Dog?                    <\/a>\n                <\/h2>\n                                                                                                                                                                                            <p>Quisque scelerisque accumsan sem, a ultricies elit. Mauris vitae urna luctus, consectetur tortor a, convallis elit. In scelerisque hendrerit est, eget placerat sapien egestas ac. Pellentesque magna risus, finibus quis risus non, venenatis semper tortor. Morbi at dui non nisl blandit elementum. Pellentesque eleifend nulla nibh, at posuere neque ornare eu. Nam ultricies, nisi vitae&hellip; <a class=\"more-link\" href=\"https:\/\/rockypetmobilegrooming.com\/?p=1894\">Continue reading <span class=\"screen-reader-text\">Dog Food Tips: What Should I Feed My 3 Month Dog?<\/span><\/a><\/p>\n                                                                                                                                                <\/div><!-- .elementskit-post-body END -->\n                    <\/div>\n                \n            <\/div>\n\n            \n            \n\n            <div class=\"col-lg-6 col-md-6\">\n\n                                    <div class=\"elementskit-post-image-card\">\n                        <div class=\"elementskit-entry-header\">\n                                                            <a href=\"https:\/\/rockypetmobilegrooming.com\/?p=1923\" class=\"elementskit-entry-thumb\">\n                                    <img decoding=\"async\" src=\"https:\/\/rockypetmobilegrooming.com\/wp-content\/uploads\/2021\/05\/3-2.jpg\" alt=\"Why Grooming Your Dog at Home is Important to do\">\n                                <\/a><!-- .elementskit-entry-thumb END -->\n                                                            \n                            \n                                                    <\/div><!-- .elementskit-entry-header END -->\n\n                        <div class=\"elementskit-post-body \">\n                            \n                                                                                                                <div class=\"post-meta-list\">\n                                                                                                <span class=\"meta-date\">\n\n                                <i aria-hidden=\"true\" class=\"far fa-calendar-alt\"><\/i>\n                                <span class=\"meta-date-text\">\n                                    febrero 22, 2021                                <\/span>\n                            <\/span>\n                                                                                                                                                                                                <span class=\"post-cat\">\n\n                                <i aria-hidden=\"true\" class=\"far fa-folder-open\"><\/i>\n                                <a href=\"https:\/\/rockypetmobilegrooming.com\/?cat=3\" rel=\"category\">Grooming<\/a> | <a href=\"https:\/\/rockypetmobilegrooming.com\/?cat=8\" rel=\"category\">Tips<\/a>                            <\/span>\n                                                                                    <\/div>\n                                                                        \n                                        \n                                                                                                <h2 class=\"entry-title\">\n                    <a href=\"https:\/\/rockypetmobilegrooming.com\/?p=1923\">\n                            Why Grooming Your Dog at Home is Important to do                    <\/a>\n                <\/h2>\n                                                                                                                                                                                            <p>Etiam mollis pharetra nisl ut venenatis. Curabitur id massa vulputate, scelerisque mi a, facilisis velit. Nunc suscipit ante eget lacus blandit, sed ornare eros cursus.<\/p>\n                                                                                                                                                <\/div><!-- .elementskit-post-body END -->\n                    <\/div>\n                \n            <\/div>\n\n                    <\/div>\n        \n        \n        <\/div>\t\t<\/div>\n\t\t\t\t<\/div>\n\t\t\t\t\t<\/div>\n\t\t<\/div>\n\t\t\t\t\t\t\t<\/div>\n\t\t<\/section>\n\t\t\t\t\t\t\t<\/div>\n\t\t","protected":false},"excerpt":{"rendered":"<p>Blog septiembre 12, 2020 Generales Finding a good breeder noviembre 22, 2020 Uncategorized Three young dog lovers crowned lockdown stars alongside Lorem ipsum dolor sit amet, consectetur adipiscing elit, sed do eiusmod tempor incididunt ut labore et dolore magna aliqua. Ut enim ad minim veniam, quis nostrud exercitation ullamco laboris nisi ut aliquip ex ea&hellip; <a class=\"more-link\" href=\"https:\/\/rockypetmobilegrooming.com\/?p=1923\">Continue reading <span class=\"screen-reader-text\">Why Grooming Your Dog at Home is Important to do<\/span><\/a><\/p>\n","protected":false},"author":1,"featured_media":0,"parent":0,"menu_order":0,"comment_status":"closed","ping_status":"closed","template":"elementor_header_footer","meta":{"_monsterinsights_skip_tracking":false,"_monsterinsights_sitenote_active":false,"_monsterinsights_sitenote_note":"","_monsterinsights_sitenote_category":0,"footnotes":""},"class_list":["post-1517","page","type-page","status-publish","hentry","entry"],"_links":{"self":[{"href":"https:\/\/rockypetmobilegrooming.com\/index.php?rest_route=\/wp\/v2\/pages\/1517","targetHints":{"allow":["GET"]}}],"collection":[{"href":"https:\/\/rockypetmobilegrooming.com\/index.php?rest_route=\/wp\/v2\/pages"}],"about":[{"href":"https:\/\/rockypetmobilegrooming.com\/index.php?rest_route=\/wp\/v2\/types\/page"}],"author":[{"embeddable":true,"href":"https:\/\/rockypetmobilegrooming.com\/index.php?rest_route=\/wp\/v2\/users\/1"}],"replies":[{"embeddable":true,"href":"https:\/\/rockypetmobilegrooming.com\/index.php?rest_route=%2Fwp%2Fv2%2Fcomments&post=1517"}],"version-history":[{"count":8,"href":"https:\/\/rockypetmobilegrooming.com\/index.php?rest_route=\/wp\/v2\/pages\/1517\/revisions"}],"predecessor-version":[{"id":14795,"href":"https:\/\/rockypetmobilegrooming.com\/index.php?rest_route=\/wp\/v2\/pages\/1517\/revisions\/14795"}],"wp:attachment":[{"href":"https:\/\/rockypetmobilegrooming.com\/index.php?rest_route=%2Fwp%2Fv2%2Fmedia&parent=1517"}],"curies":[{"name":"wp","href":"https:\/\/api.w.org\/{rel}","templated":true}]}}